{"id":282,"date":"2020-10-20T12:48:36","date_gmt":"2020-10-20T10:48:36","guid":{"rendered":"http:\/\/shop.divergo.org\/?post_type=product&#038;p=282"},"modified":"2021-05-06T12:46:37","modified_gmt":"2021-05-06T10:46:37","slug":"croce-della-diversita-5","status":"publish","type":"product","link":"https:\/\/shop.divergo.org\/index.php\/prodotto\/croce-della-diversita-5\/","title":{"rendered":"Croce della diversit\u00e0 50 cm"},"content":{"rendered":"<p><strong>La diversit\u00e0 \u00e8 una croce<\/strong>. Qualcuno la porta per scelta. Altri la subiscono. Alcuni se la trovano sulle spalle dalla nascita. Molti, se non tutti, sono impegnati in una quotidiana lotta contro di essa. Uno se l\u2019\u00e8 caricata addosso e l\u2019ha portata per il bene di tanti. Da quella croce, ricca degli scarti \u2013 considerati inutili, dalla societ\u00e0, dalla cultura, dal sistema \u2013 ha fatto vedere lo splendore di piccoli frammenti tenuti insieme dall\u2019Amore.<br \/>\nQui a Divergo, gli scarti del mondo, incollati insieme dal bene reciproco, danno vita alla Croce della Diversit\u00e0.<\/p>\n","protected":false},"excerpt":{"rendered":"<p>Altezza 50 cm<\/p>\n","protected":false},"featured_media":283,"template":"","meta":[],"product_cat":[90],"product_tag":[265,95,123],"yoast_head":"<!-- This site is optimized with the Yoast SEO plugin v22.4 - https:\/\/yoast.com\/wordpress\/plugins\/seo\/ -->\n<title>Croce della diversit\u00e0 50 cm - Shop Div.ergo<\/title>\n<meta name=\"robots\" content=\"index, follow, max-snippet:-1, max-image-preview:large, max-video-preview:-1\" \/>\n<link rel=\"canonical\" href=\"https:\/\/shop.divergo.org\/index.php\/prodotto\/croce-della-diversita-5\/\" \/>\n<meta property=\"og:locale\" content=\"it_IT\" \/>\n<meta property=\"og:type\" content=\"article\" \/>\n<meta property=\"og:title\" content=\"Croce della diversit\u00e0 50 cm - Shop Div.ergo\" \/>\n<meta property=\"og:description\" content=\"Altezza 50 cm\" \/>\n<meta property=\"og:url\" content=\"https:\/\/shop.divergo.org\/index.php\/prodotto\/croce-della-diversita-5\/\" \/>\n<meta property=\"og:site_name\" content=\"Shop Div.ergo\" \/>\n<meta property=\"article:publisher\" content=\"https:\/\/it-it.facebook.com\/divergo\/\" \/>\n<meta property=\"article:modified_time\" content=\"2021-05-06T10:46:37+00:00\" \/>\n<meta property=\"og:image\" content=\"https:\/\/shop.divergo.org\/wp-content\/uploads\/2020\/10\/6BD9434A-76A2-4E54-9AFC-29EC29EFD06D.jpeg\" \/>\n\t<meta property=\"og:image:width\" content=\"600\" \/>\n\t<meta property=\"og:image:height\" content=\"800\" \/>\n\t<meta property=\"og:image:type\" content=\"image\/jpeg\" \/>\n<meta name=\"twitter:card\" content=\"summary_large_image\" \/>\n<script type=\"application\/ld+json\" class=\"yoast-schema-graph\">{\"@context\":\"https:\/\/schema.org\",\"@graph\":[{\"@type\":\"WebPage\",\"@id\":\"https:\/\/shop.divergo.org\/index.php\/prodotto\/croce-della-diversita-5\/\",\"url\":\"https:\/\/shop.divergo.org\/index.php\/prodotto\/croce-della-diversita-5\/\",\"name\":\"Croce della diversit\u00e0 50 cm - Shop Div.ergo\",\"isPartOf\":{\"@id\":\"https:\/\/shop.divergo.org\/#website\"},\"primaryImageOfPage\":{\"@id\":\"https:\/\/shop.divergo.org\/index.php\/prodotto\/croce-della-diversita-5\/#primaryimage\"},\"image\":{\"@id\":\"https:\/\/shop.divergo.org\/index.php\/prodotto\/croce-della-diversita-5\/#primaryimage\"},\"thumbnailUrl\":\"https:\/\/shop.divergo.org\/wp-content\/uploads\/2020\/10\/6BD9434A-76A2-4E54-9AFC-29EC29EFD06D.jpeg\",\"datePublished\":\"2020-10-20T10:48:36+00:00\",\"dateModified\":\"2021-05-06T10:46:37+00:00\",\"breadcrumb\":{\"@id\":\"https:\/\/shop.divergo.org\/index.php\/prodotto\/croce-della-diversita-5\/#breadcrumb\"},\"inLanguage\":\"it-IT\",\"potentialAction\":[{\"@type\":\"ReadAction\",\"target\":[\"https:\/\/shop.divergo.org\/index.php\/prodotto\/croce-della-diversita-5\/\"]}]},{\"@type\":\"ImageObject\",\"inLanguage\":\"it-IT\",\"@id\":\"https:\/\/shop.divergo.org\/index.php\/prodotto\/croce-della-diversita-5\/#primaryimage\",\"url\":\"https:\/\/shop.divergo.org\/wp-content\/uploads\/2020\/10\/6BD9434A-76A2-4E54-9AFC-29EC29EFD06D.jpeg\",\"contentUrl\":\"https:\/\/shop.divergo.org\/wp-content\/uploads\/2020\/10\/6BD9434A-76A2-4E54-9AFC-29EC29EFD06D.jpeg\",\"width\":600,\"height\":800},{\"@type\":\"BreadcrumbList\",\"@id\":\"https:\/\/shop.divergo.org\/index.php\/prodotto\/croce-della-diversita-5\/#breadcrumb\",\"itemListElement\":[{\"@type\":\"ListItem\",\"position\":1,\"name\":\"Home\",\"item\":\"https:\/\/shop.divergo.org\/\"},{\"@type\":\"ListItem\",\"position\":2,\"name\":\"Prodotti\",\"item\":\"https:\/\/shop.divergo.org\/index.php\/negozio\/\"},{\"@type\":\"ListItem\",\"position\":3,\"name\":\"Croce della diversit\u00e0 50 cm\"}]},{\"@type\":\"WebSite\",\"@id\":\"https:\/\/shop.divergo.org\/#website\",\"url\":\"https:\/\/shop.divergo.org\/\",\"name\":\"Shop Div.ergo\",\"description\":\"Laboratorio Div.ergo\",\"publisher\":{\"@id\":\"https:\/\/shop.divergo.org\/#organization\"},\"potentialAction\":[{\"@type\":\"SearchAction\",\"target\":{\"@type\":\"EntryPoint\",\"urlTemplate\":\"https:\/\/shop.divergo.org\/?s={search_term_string}\"},\"query-input\":\"required name=search_term_string\"}],\"inLanguage\":\"it-IT\"},{\"@type\":\"Organization\",\"@id\":\"https:\/\/shop.divergo.org\/#organization\",\"name\":\"Fondazione Div.ergo Onlus\",\"url\":\"https:\/\/shop.divergo.org\/\",\"logo\":{\"@type\":\"ImageObject\",\"inLanguage\":\"it-IT\",\"@id\":\"https:\/\/shop.divergo.org\/#\/schema\/logo\/image\/\",\"url\":\"https:\/\/shop.divergo.org\/wp-content\/uploads\/2020\/09\/logo_divergo.png\",\"contentUrl\":\"https:\/\/shop.divergo.org\/wp-content\/uploads\/2020\/09\/logo_divergo.png\",\"width\":238,\"height\":60,\"caption\":\"Fondazione Div.ergo Onlus\"},\"image\":{\"@id\":\"https:\/\/shop.divergo.org\/#\/schema\/logo\/image\/\"},\"sameAs\":[\"https:\/\/it-it.facebook.com\/divergo\/\",\"https:\/\/www.youtube.com\/channel\/UCnlp-5NLithYHrF5DX_x09A\"]}]}<\/script>\n<!-- \/ Yoast SEO plugin. -->","yoast_head_json":{"title":"Croce della diversit\u00e0 50 cm - Shop Div.ergo","robots":{"index":"index","follow":"follow","max-snippet":"max-snippet:-1","max-image-preview":"max-image-preview:large","max-video-preview":"max-video-preview:-1"},"canonical":"https:\/\/shop.divergo.org\/index.php\/prodotto\/croce-della-diversita-5\/","og_locale":"it_IT","og_type":"article","og_title":"Croce della diversit\u00e0 50 cm - Shop Div.ergo","og_description":"Altezza 50 cm","og_url":"https:\/\/shop.divergo.org\/index.php\/prodotto\/croce-della-diversita-5\/","og_site_name":"Shop Div.ergo","article_publisher":"https:\/\/it-it.facebook.com\/divergo\/","article_modified_time":"2021-05-06T10:46:37+00:00","og_image":[{"width":600,"height":800,"url":"https:\/\/shop.divergo.org\/wp-content\/uploads\/2020\/10\/6BD9434A-76A2-4E54-9AFC-29EC29EFD06D.jpeg","type":"image\/jpeg"}],"twitter_card":"summary_large_image","schema":{"@context":"https:\/\/schema.org","@graph":[{"@type":"WebPage","@id":"https:\/\/shop.divergo.org\/index.php\/prodotto\/croce-della-diversita-5\/","url":"https:\/\/shop.divergo.org\/index.php\/prodotto\/croce-della-diversita-5\/","name":"Croce della diversit\u00e0 50 cm - Shop Div.ergo","isPartOf":{"@id":"https:\/\/shop.divergo.org\/#website"},"primaryImageOfPage":{"@id":"https:\/\/shop.divergo.org\/index.php\/prodotto\/croce-della-diversita-5\/#primaryimage"},"image":{"@id":"https:\/\/shop.divergo.org\/index.php\/prodotto\/croce-della-diversita-5\/#primaryimage"},"thumbnailUrl":"https:\/\/shop.divergo.org\/wp-content\/uploads\/2020\/10\/6BD9434A-76A2-4E54-9AFC-29EC29EFD06D.jpeg","datePublished":"2020-10-20T10:48:36+00:00","dateModified":"2021-05-06T10:46:37+00:00","breadcrumb":{"@id":"https:\/\/shop.divergo.org\/index.php\/prodotto\/croce-della-diversita-5\/#breadcrumb"},"inLanguage":"it-IT","potentialAction":[{"@type":"ReadAction","target":["https:\/\/shop.divergo.org\/index.php\/prodotto\/croce-della-diversita-5\/"]}]},{"@type":"ImageObject","inLanguage":"it-IT","@id":"https:\/\/shop.divergo.org\/index.php\/prodotto\/croce-della-diversita-5\/#primaryimage","url":"https:\/\/shop.divergo.org\/wp-content\/uploads\/2020\/10\/6BD9434A-76A2-4E54-9AFC-29EC29EFD06D.jpeg","contentUrl":"https:\/\/shop.divergo.org\/wp-content\/uploads\/2020\/10\/6BD9434A-76A2-4E54-9AFC-29EC29EFD06D.jpeg","width":600,"height":800},{"@type":"BreadcrumbList","@id":"https:\/\/shop.divergo.org\/index.php\/prodotto\/croce-della-diversita-5\/#breadcrumb","itemListElement":[{"@type":"ListItem","position":1,"name":"Home","item":"https:\/\/shop.divergo.org\/"},{"@type":"ListItem","position":2,"name":"Prodotti","item":"https:\/\/shop.divergo.org\/index.php\/negozio\/"},{"@type":"ListItem","position":3,"name":"Croce della diversit\u00e0 50 cm"}]},{"@type":"WebSite","@id":"https:\/\/shop.divergo.org\/#website","url":"https:\/\/shop.divergo.org\/","name":"Shop Div.ergo","description":"Laboratorio Div.ergo","publisher":{"@id":"https:\/\/shop.divergo.org\/#organization"},"potentialAction":[{"@type":"SearchAction","target":{"@type":"EntryPoint","urlTemplate":"https:\/\/shop.divergo.org\/?s={search_term_string}"},"query-input":"required name=search_term_string"}],"inLanguage":"it-IT"},{"@type":"Organization","@id":"https:\/\/shop.divergo.org\/#organization","name":"Fondazione Div.ergo Onlus","url":"https:\/\/shop.divergo.org\/","logo":{"@type":"ImageObject","inLanguage":"it-IT","@id":"https:\/\/shop.divergo.org\/#\/schema\/logo\/image\/","url":"https:\/\/shop.divergo.org\/wp-content\/uploads\/2020\/09\/logo_divergo.png","contentUrl":"https:\/\/shop.divergo.org\/wp-content\/uploads\/2020\/09\/logo_divergo.png","width":238,"height":60,"caption":"Fondazione Div.ergo Onlus"},"image":{"@id":"https:\/\/shop.divergo.org\/#\/schema\/logo\/image\/"},"sameAs":["https:\/\/it-it.facebook.com\/divergo\/","https:\/\/www.youtube.com\/channel\/UCnlp-5NLithYHrF5DX_x09A"]}]}},"_links":{"self":[{"href":"https:\/\/shop.divergo.org\/index.php\/wp-json\/wp\/v2\/product\/282"}],"collection":[{"href":"https:\/\/shop.divergo.org\/index.php\/wp-json\/wp\/v2\/product"}],"about":[{"href":"https:\/\/shop.divergo.org\/index.php\/wp-json\/wp\/v2\/types\/product"}],"wp:featuredmedia":[{"embeddable":true,"href":"https:\/\/shop.divergo.org\/index.php\/wp-json\/wp\/v2\/media\/283"}],"wp:attachment":[{"href":"https:\/\/shop.divergo.org\/index.php\/wp-json\/wp\/v2\/media?parent=282"}],"wp:term":[{"taxonomy":"product_cat","embeddable":true,"href":"https:\/\/shop.divergo.org\/index.php\/wp-json\/wp\/v2\/product_cat?post=282"},{"taxonomy":"product_tag","embeddable":true,"href":"https:\/\/shop.divergo.org\/index.php\/wp-json\/wp\/v2\/product_tag?post=282"}],"curies":[{"name":"wp","href":"https:\/\/api.w.org\/{rel}","templated":true}]}}